{"id":32046,"date":"2024-06-17T10:02:12","date_gmt":"2024-06-17T08:02:12","guid":{"rendered":"https:\/\/www.fitlock.it\/combinazioni\/"},"modified":"2026-01-27T16:14:26","modified_gmt":"2026-01-27T15:14:26","slug":"combinaciones","status":"publish","type":"page","link":"https:\/\/www.fitlock.it\/es\/combinaciones\/","title":{"rendered":"Combinaciones"},"content":{"rendered":"<p><strong>Fitlock<sup>\u00ae<\/sup><\/strong> no es un solo producto, sino un conjunto de <strong>sistemas integrados<\/strong> que resuelven problemas y mejoran la relaci\u00f3n entre dise\u00f1o y construcci\u00f3n. La funcionalidad de los sistemas Fitlock\u00ae est\u00e1 garantizada por la relaci\u00f3n entre los elementos individuales que los componen: aut\u00f3nomos individualmente, sin\u00e9rgicos en conjunto.<\/p>\n<p><strong>Encuentra el sistema Fitlock que mejor se adapta a tus necesidades<\/strong>.<\/p>\n","protected":false},"excerpt":{"rendered":"<p>Fitlock\u00ae no es un solo producto, sino un conjunto de sistemas integrados que resuelven problemas y mejoran la relaci\u00f3n entre dise\u00f1o y construcci\u00f3n. La funcionalidad de los sistemas Fitlock\u00ae est\u00e1 garantizada por la relaci\u00f3n entre los elementos individuales que los componen: aut\u00f3nomos individualmente, sin\u00e9rgicos en conjunto. Encuentra el sistema Fitlock que mejor se adapta a [&hellip;]<\/p>\n","protected":false},"author":1,"featured_media":0,"parent":0,"menu_order":0,"comment_status":"closed","ping_status":"closed","template":"page-templates\/configuratore-template.php","meta":{"_acf_changed":false,"inline_featured_image":false,"footnotes":""},"class_list":["post-32046","page","type-page","status-publish","hentry"],"acf":[],"_links":{"self":[{"href":"https:\/\/www.fitlock.it\/es\/wp-json\/wp\/v2\/pages\/32046","targetHints":{"allow":["GET"]}}],"collection":[{"href":"https:\/\/www.fitlock.it\/es\/wp-json\/wp\/v2\/pages"}],"about":[{"href":"https:\/\/www.fitlock.it\/es\/wp-json\/wp\/v2\/types\/page"}],"author":[{"embeddable":true,"href":"https:\/\/www.fitlock.it\/es\/wp-json\/wp\/v2\/users\/1"}],"replies":[{"embeddable":true,"href":"https:\/\/www.fitlock.it\/es\/wp-json\/wp\/v2\/comments?post=32046"}],"version-history":[{"count":4,"href":"https:\/\/www.fitlock.it\/es\/wp-json\/wp\/v2\/pages\/32046\/revisions"}],"predecessor-version":[{"id":32054,"href":"https:\/\/www.fitlock.it\/es\/wp-json\/wp\/v2\/pages\/32046\/revisions\/32054"}],"wp:attachment":[{"href":"https:\/\/www.fitlock.it\/es\/wp-json\/wp\/v2\/media?parent=32046"}],"curies":[{"name":"wp","href":"https:\/\/api.w.org\/{rel}","templated":true}]}}