{"id":37961,"date":"2024-06-17T10:02:12","date_gmt":"2024-06-17T08:02:12","guid":{"rendered":"https:\/\/www.fitlock.it\/combinazioni\/"},"modified":"2026-01-27T16:13:50","modified_gmt":"2026-01-27T15:13:50","slug":"kombinationen","status":"publish","type":"page","link":"https:\/\/www.fitlock.it\/de\/kombinationen\/","title":{"rendered":"Kombinationen"},"content":{"rendered":"<p><strong>Fitlock<sup>\u00ae<\/sup><\/strong> ist kein einzelnes Produkt, sondern eine Reihe <strong>integrierter Systeme,<\/strong> die Probleme l\u00f6sen und das Verh\u00e4ltnis zwischen Entwurf und Ausf\u00fchrung verbessern. Die Funktionalit\u00e4t der Fitlock<sup>\u00ae<\/sup>-Systeme wird durch die Beziehung zwischen den einzelnen Elementen gew\u00e4hrleistet: Eigenst\u00e4ndig im Einzelnen, zusammenwirkend im Ganzen.<\/p>\n<p><strong>Finden Sie das Fitlock-System, das Ihren Anforderungen am besten entspricht.<\/strong><\/p>\n","protected":false},"excerpt":{"rendered":"<p>Fitlock\u00ae ist kein einzelnes Produkt, sondern eine Reihe integrierter Systeme, die Probleme l\u00f6sen und das Verh\u00e4ltnis zwischen Entwurf und Ausf\u00fchrung verbessern. Die Funktionalit\u00e4t der Fitlock\u00ae-Systeme wird durch die Beziehung zwischen den einzelnen Elementen gew\u00e4hrleistet: Eigenst\u00e4ndig im Einzelnen, zusammenwirkend im Ganzen. Finden Sie das Fitlock-System, das Ihren Anforderungen am besten entspricht.<\/p>\n","protected":false},"author":1,"featured_media":0,"parent":0,"menu_order":0,"comment_status":"closed","ping_status":"closed","template":"page-templates\/configuratore-template.php","meta":{"_acf_changed":false,"inline_featured_image":false,"footnotes":""},"class_list":["post-37961","page","type-page","status-publish","hentry"],"acf":[],"_links":{"self":[{"href":"https:\/\/www.fitlock.it\/de\/wp-json\/wp\/v2\/pages\/37961","targetHints":{"allow":["GET"]}}],"collection":[{"href":"https:\/\/www.fitlock.it\/de\/wp-json\/wp\/v2\/pages"}],"about":[{"href":"https:\/\/www.fitlock.it\/de\/wp-json\/wp\/v2\/types\/page"}],"author":[{"embeddable":true,"href":"https:\/\/www.fitlock.it\/de\/wp-json\/wp\/v2\/users\/1"}],"replies":[{"embeddable":true,"href":"https:\/\/www.fitlock.it\/de\/wp-json\/wp\/v2\/comments?post=37961"}],"version-history":[{"count":4,"href":"https:\/\/www.fitlock.it\/de\/wp-json\/wp\/v2\/pages\/37961\/revisions"}],"predecessor-version":[{"id":38593,"href":"https:\/\/www.fitlock.it\/de\/wp-json\/wp\/v2\/pages\/37961\/revisions\/38593"}],"wp:attachment":[{"href":"https:\/\/www.fitlock.it\/de\/wp-json\/wp\/v2\/media?parent=37961"}],"curies":[{"name":"wp","href":"https:\/\/api.w.org\/{rel}","templated":true}]}}