{"id":37868,"date":"2023-10-18T11:34:20","date_gmt":"2023-10-18T09:34:20","guid":{"rendered":"https:\/\/www.fitlock.it\/fitlock-system\/"},"modified":"2026-01-26T15:36:13","modified_gmt":"2026-01-26T14:36:13","slug":"fitlock-system","status":"publish","type":"page","link":"https:\/\/www.fitlock.it\/de\/fitlock-system\/","title":{"rendered":"System"},"content":{"rendered":"<p><b>Fitlock<\/b><span class=\"s1\"><b>\u00ae\u00a0<\/b><\/span> ist kein einzelnes Produkt, sondern eine Reihe <b>integrierter Systeme<\/b>, die Probleme l\u00f6sen und das Verh\u00e4ltnis zwischen Entwurf und Ausf\u00fchrung verbessern.<br \/>\nDie Funktionalit\u00e4t der <b>Fitlock<\/b><span class=\"s1\"><b>\u00ae<\/b><\/span>-Systeme wird durch die Beziehung zwischen den <b>einzelnen Elementen<\/b> gew\u00e4hrleistet: <b>Eigenst\u00e4ndig<\/b> im Einzelnen, <b>zusammenwirkend<\/b> im Ganzen.<\/p>\n<h2>Finden Sie das <strong>Fitlock-System<\/strong>, das Ihren Anforderungen am besten entspricht<\/h2>\n<p>.<\/p>\n","protected":false},"excerpt":{"rendered":"<p>Fitlock\u00ae\u00a0 ist kein einzelnes Produkt, sondern eine Reihe integrierter Systeme, die Probleme l\u00f6sen und das Verh\u00e4ltnis zwischen Entwurf und Ausf\u00fchrung verbessern. Die Funktionalit\u00e4t der Fitlock\u00ae-Systeme wird durch die Beziehung zwischen den einzelnen Elementen gew\u00e4hrleistet: Eigenst\u00e4ndig im Einzelnen, zusammenwirkend im Ganzen. Finden Sie das Fitlock-System, das Ihren Anforderungen am besten entspricht .<\/p>\n","protected":false},"author":1,"featured_media":0,"parent":0,"menu_order":0,"comment_status":"closed","ping_status":"closed","template":"page-templates\/fitlock-system.php","meta":{"_acf_changed":false,"inline_featured_image":false,"footnotes":""},"class_list":["post-37868","page","type-page","status-publish","hentry"],"acf":[],"_links":{"self":[{"href":"https:\/\/www.fitlock.it\/de\/wp-json\/wp\/v2\/pages\/37868","targetHints":{"allow":["GET"]}}],"collection":[{"href":"https:\/\/www.fitlock.it\/de\/wp-json\/wp\/v2\/pages"}],"about":[{"href":"https:\/\/www.fitlock.it\/de\/wp-json\/wp\/v2\/types\/page"}],"author":[{"embeddable":true,"href":"https:\/\/www.fitlock.it\/de\/wp-json\/wp\/v2\/users\/1"}],"replies":[{"embeddable":true,"href":"https:\/\/www.fitlock.it\/de\/wp-json\/wp\/v2\/comments?post=37868"}],"version-history":[{"count":4,"href":"https:\/\/www.fitlock.it\/de\/wp-json\/wp\/v2\/pages\/37868\/revisions"}],"predecessor-version":[{"id":68040,"href":"https:\/\/www.fitlock.it\/de\/wp-json\/wp\/v2\/pages\/37868\/revisions\/68040"}],"wp:attachment":[{"href":"https:\/\/www.fitlock.it\/de\/wp-json\/wp\/v2\/media?parent=37868"}],"curies":[{"name":"wp","href":"https:\/\/api.w.org\/{rel}","templated":true}]}}