{"id":37862,"date":"2023-10-11T14:38:49","date_gmt":"2023-10-11T12:38:49","guid":{"rendered":"https:\/\/www.fitlock.it\/chi-siamo\/"},"modified":"2026-01-26T15:06:50","modified_gmt":"2026-01-26T14:06:50","slug":"uber-uns","status":"publish","type":"page","link":"https:\/\/www.fitlock.it\/de\/uber-uns\/","title":{"rendered":"\u00dcber uns"},"content":{"rendered":"<h2><b>Fitlock: eine Innovation ohne ihre Umsetzung bleibt lediglich eine Idee.<\/b><\/h2>\n<p><b>Fitlock<\/b> setzt technologische Visionen f\u00fcr Ihre Projekte in die Praxis um. Wir schaffen <b>Made-in-Italy<\/b>-L\u00f6sungen, die sich auf dem Markt durch <b>Funktionalit\u00e4t<\/b> und <b>einfache Anwendung in verschiedenen Anwendungsbereichen<\/b> auszeichnen.<\/p>\n<p><b>Ist <\/b><i>in der Tat<\/i><b> seit 2005 innovativ.<\/b><\/p>\n","protected":false},"excerpt":{"rendered":"<p>Fitlock: eine Innovation ohne ihre Umsetzung bleibt lediglich eine Idee. Fitlock setzt technologische Visionen f\u00fcr Ihre Projekte in die Praxis um. Wir schaffen Made-in-Italy-L\u00f6sungen, die sich auf dem Markt durch Funktionalit\u00e4t und einfache Anwendung in verschiedenen Anwendungsbereichen auszeichnen. Ist in der Tat seit 2005 innovativ.<\/p>\n","protected":false},"author":1,"featured_media":0,"parent":0,"menu_order":0,"comment_status":"closed","ping_status":"closed","template":"page-templates\/chi-siamo.php","meta":{"_acf_changed":false,"inline_featured_image":false,"footnotes":""},"class_list":["post-37862","page","type-page","status-publish","hentry"],"acf":[],"_links":{"self":[{"href":"https:\/\/www.fitlock.it\/de\/wp-json\/wp\/v2\/pages\/37862","targetHints":{"allow":["GET"]}}],"collection":[{"href":"https:\/\/www.fitlock.it\/de\/wp-json\/wp\/v2\/pages"}],"about":[{"href":"https:\/\/www.fitlock.it\/de\/wp-json\/wp\/v2\/types\/page"}],"author":[{"embeddable":true,"href":"https:\/\/www.fitlock.it\/de\/wp-json\/wp\/v2\/users\/1"}],"replies":[{"embeddable":true,"href":"https:\/\/www.fitlock.it\/de\/wp-json\/wp\/v2\/comments?post=37862"}],"version-history":[{"count":5,"href":"https:\/\/www.fitlock.it\/de\/wp-json\/wp\/v2\/pages\/37862\/revisions"}],"predecessor-version":[{"id":68030,"href":"https:\/\/www.fitlock.it\/de\/wp-json\/wp\/v2\/pages\/37862\/revisions\/68030"}],"wp:attachment":[{"href":"https:\/\/www.fitlock.it\/de\/wp-json\/wp\/v2\/media?parent=37862"}],"curies":[{"name":"wp","href":"https:\/\/api.w.org\/{rel}","templated":true}]}}